{"id":2152,"date":"2020-08-10T14:04:48","date_gmt":"2020-08-10T11:04:48","guid":{"rendered":"https:\/\/www.laldegerleme.com.tr\/lal-degerleme\/"},"modified":"2026-01-29T15:53:33","modified_gmt":"2026-01-29T12:53:33","slug":"lal-appraisal","status":"publish","type":"page","link":"https:\/\/laldegerleme.com.tr\/en\/lal-appraisal\/","title":{"rendered":"L\u00c2L Appraisal"},"content":{"rendered":"<style>\n    :root {\n      --lal-red: #cf352f;\n      --lal-gray: #3f3f3f;\n      --text-color: #0f172a;\n      --bg-light: #f8f9fa;\n    }\n    body {\n      font-family: \"Segoe UI\", Arial, sans-serif;\n      color: var(--text-color);\n      line-height: 1.6;\n      background-color: var(--bg-light);\n      margin: 0;\n      padding: 40px 20px;\n    }\n    h1 {\n      text-align: center;\n      color: var(--lal-red);\n      margin-bottom: 30px;\n    }\n    p {\n      margin-bottom: 15px;\n      font-size: 16px;\n      text-align: justify;\n    }\n    .button,\n    a.button,\n    .button a {\n      background-color: var(--lal-red) !important;\n      color: #ffffff !important;\n      border: 2px solid var(--lal-red) !important;\n      border-radius: 6px !important;\n      display: inline-block !important;\n      font-weight: 600 !important;\n      padding: 10px 24px !important;\n      text-decoration: none !important;\n      text-align: center !important;\n      opacity: 1 !important;\n      pointer-events: auto !important;\n      transition: background-color 0.3s ease, transform 0.2s ease;\n      cursor: pointer !important;\n    }\n    .button:hover,\n    a.button:hover {\n      background-color: var(--lal-gray) !important;\n      border-color: var(--lal-gray) !important;\n      transform: scale(1.03);\n    }\n    .button i {\n      margin-right: 8px;\n    }\n  <\/style>\n<p>&nbsp;<\/p>\n<h1>L\u00e2l Real Estate has been established as a sole proprietorship<\/h1>\n<p>Our company, <strong>L\u00e2l Gayrimenkul De\u011ferleme ve M\u00fc\u015favirlik A.\u015e.<\/strong>, has been providing services in real estate valuation, machinery valuation, and consultancy with its experienced team since 1996.<\/p>\n<p>Having taken part in the valuation of many types of real estate such as land, plots, residences, villas, workplaces, buildings, shopping malls, factories, hotels, resorts, fuel stations, etc., as well as machinery and equipment including construction machinery, machine parks, and industrial facilities, our company operates with a highly experienced staff. <strong>Our Head Office is located in Ankara. Within the scope of our regional structure; Istanbul and Bursa branches operate under the Marmara Regional Office, the Izmir branch under the Aegean Regional Office, Adana and Antalya branches under the Mediterranean Regional Office, The Ankara and Kayseri branches operate under the Central Anatolia Regional Office, the Samsun branch under the Black Sea Regional Office, the Van branch under the Eastern Anatolia Regional Office, and the \u015eanl\u0131urfa branch under the Southeastern Anatolia Regional Office.<\/strong> Through our contracted valuation experts located throughout T\u00fcrkiye, we provide services across the entire country. Through our collaborations, we also operate in Cyprus, Europe, Russia, the Turkic Republics of Central Asia, and the Middle East.<\/p>\n<p>Our work, carried out using scientific methods, impartially, and in compliance with International Valuation Standards (IVS\u2013IVSC), is shared only with relevant parties in line with the principle of confidentiality.<\/p>\n<p>We would be pleased to answer all your questions regarding the real estate and machinery sectors and to provide services within the scope of our knowledge and experience.<\/p>\n<p>To get to know us and obtain information about the services we provide, please contact us.<\/p>\n<p><a href=\"https:\/\/laldegerleme.com.tr\/en\/contact-us\/\" target=\"_blank\" rel=\"noopener\"><br \/>\nContact Page<br \/>\n<\/a><\/p>\n","protected":false},"excerpt":{"rendered":"<p>&nbsp; L\u00e2l Real Estate has been established as a sole proprietorship Our company, L\u00e2l Gayrimenkul De\u011ferleme ve M\u00fc\u015favirlik A.\u015e., has been providing services in real estate<span class=\"excerpt-hellip\"> [\u2026]<\/span><\/p>\n","protected":false},"author":1,"featured_media":0,"parent":0,"menu_order":0,"comment_status":"closed","ping_status":"closed","template":"","meta":{"footnotes":""},"_links":{"self":[{"href":"https:\/\/laldegerleme.com.tr\/en\/wp-json\/wp\/v2\/pages\/2152"}],"collection":[{"href":"https:\/\/laldegerleme.com.tr\/en\/wp-json\/wp\/v2\/pages"}],"about":[{"href":"https:\/\/laldegerleme.com.tr\/en\/wp-json\/wp\/v2\/types\/page"}],"author":[{"embeddable":true,"href":"https:\/\/laldegerleme.com.tr\/en\/wp-json\/wp\/v2\/users\/1"}],"replies":[{"embeddable":true,"href":"https:\/\/laldegerleme.com.tr\/en\/wp-json\/wp\/v2\/comments?post=2152"}],"version-history":[{"count":9,"href":"https:\/\/laldegerleme.com.tr\/en\/wp-json\/wp\/v2\/pages\/2152\/revisions"}],"predecessor-version":[{"id":4122,"href":"https:\/\/laldegerleme.com.tr\/en\/wp-json\/wp\/v2\/pages\/2152\/revisions\/4122"}],"wp:attachment":[{"href":"https:\/\/laldegerleme.com.tr\/en\/wp-json\/wp\/v2\/media?parent=2152"}],"curies":[{"name":"wp","href":"https:\/\/api.w.org\/{rel}","templated":true}]}}