{"id":2514,"date":"2019-05-30T15:55:07","date_gmt":"2019-05-30T12:55:07","guid":{"rendered":"https:\/\/www.laldegerleme.com.tr\/anasayfa\/"},"modified":"2022-10-18T11:45:15","modified_gmt":"2022-10-18T08:45:15","slug":"anasayfa","status":"publish","type":"page","link":"https:\/\/laldegerleme.com.tr\/fr\/","title":{"rendered":"La Soci\u00e9t\u00e9 Anonyme d\u2019\u00c9valuation Immobili\u00e8re L\u00c2L"},"content":{"rendered":"","protected":false},"excerpt":{"rendered":"","protected":false},"author":1,"featured_media":0,"parent":0,"menu_order":0,"comment_status":"closed","ping_status":"closed","template":"","meta":{"footnotes":""},"_links":{"self":[{"href":"https:\/\/laldegerleme.com.tr\/fr\/wp-json\/wp\/v2\/pages\/2514"}],"collection":[{"href":"https:\/\/laldegerleme.com.tr\/fr\/wp-json\/wp\/v2\/pages"}],"about":[{"href":"https:\/\/laldegerleme.com.tr\/fr\/wp-json\/wp\/v2\/types\/page"}],"author":[{"embeddable":true,"href":"https:\/\/laldegerleme.com.tr\/fr\/wp-json\/wp\/v2\/users\/1"}],"replies":[{"embeddable":true,"href":"https:\/\/laldegerleme.com.tr\/fr\/wp-json\/wp\/v2\/comments?post=2514"}],"version-history":[{"count":0,"href":"https:\/\/laldegerleme.com.tr\/fr\/wp-json\/wp\/v2\/pages\/2514\/revisions"}],"wp:attachment":[{"href":"https:\/\/laldegerleme.com.tr\/fr\/wp-json\/wp\/v2\/media?parent=2514"}],"curies":[{"name":"wp","href":"https:\/\/api.w.org\/{rel}","templated":true}]}}