{"id":2599,"date":"2020-08-10T15:28:42","date_gmt":"2020-08-10T12:28:42","guid":{"rendered":"https:\/\/www.laldegerleme.com.tr\/degerleme\/"},"modified":"2025-10-31T15:53:50","modified_gmt":"2025-10-31T12:53:50","slug":"les-services-devaluation","status":"publish","type":"page","link":"https:\/\/laldegerleme.com.tr\/fr\/les-services-devaluation\/","title":{"rendered":"Les Services d\u2019\u00c9valuation"},"content":{"rendered":"\t\t<div data-elementor-type=\"wp-page\" data-elementor-id=\"2599\" class=\"elementor elementor-2599 elementor-736\">\n\t\t\t\t<div class=\"elementor-element elementor-element-23057394 e-flex e-con-boxed e-con e-parent\" data-id=\"23057394\" data-element_type=\"container\">\n\t\t\t\t\t<div class=\"e-con-inner\">\n\t\t\t\t<div class=\"elementor-element elementor-element-169e99b4 elementor-widget elementor-widget-text-editor\" data-id=\"169e99b4\" data-element_type=\"widget\" data-widget_type=\"text-editor.default\">\n\t\t\t\t<div class=\"elementor-widget-container\">\n\t\t\t<style>\/*! elementor - v3.21.0 - 26-05-2024 *\/\n.elementor-widget-text-editor.elementor-drop-cap-view-stacked .elementor-drop-cap{background-color:#69727d;color:#fff}.elementor-widget-text-editor.elementor-drop-cap-view-framed .elementor-drop-cap{color:#69727d;border:3px solid;background-color:transparent}.elementor-widget-text-editor:not(.elementor-drop-cap-view-default) .elementor-drop-cap{margin-top:8px}.elementor-widget-text-editor:not(.elementor-drop-cap-view-default) .elementor-drop-cap-letter{width:1em;height:1em}.elementor-widget-text-editor .elementor-drop-cap{float:left;text-align:center;line-height:1;font-size:50px}.elementor-widget-text-editor .elementor-drop-cap-letter{display:inline-block}<\/style>\t\t\t\t<style>\n\/* 2 s\u00fctunlu grid sistemi *\/\n.lal-grid-2 {\n  display: grid;\n  grid-template-columns: repeat(2, 1fr);\n  gap: 40px;\n  max-width: 1200px;\n  margin: 0 auto 60px auto;\n  justify-items: center;\n}\n\n\/* Kutular\u0131n y\u00fcksekli\u011fi b\u00fcy\u00fct\u00fcld\u00fc *\/\n.cq-morecaption,\n.cq-morecaption .cq-morecaption-wrapper {\n  height: 480px !important;\n  overflow: hidden !important;\n}\n\n\/* Foto\u011fraflar orant\u0131l\u0131 ve b\u00fcy\u00fck *\/\n.cq-morecaption img {\n  height: 480px !important;\n  width: 100% !important;\n  object-fit: cover !important;\n  transition: all 0.4s ease !important;\n}\n\n\/* Hover efekti *\/\n.cq-morecaption:hover img {\n  transform: scale(1.05) !important;\n  filter: brightness(0.8) !important;\n}\n\n\/* Metin alan\u0131 *\/\n.cq-morecaption-content {\n  padding: 35px !important;\n  line-height: 1.6 !important;\n}\n\n\/* Mobil g\u00f6r\u00fcn\u00fcm *\/\n@media (max-width: 991px) {\n  .lal-grid-2 {\n    grid-template-columns: 1fr;\n    gap: 30px;\n  }\n  .cq-morecaption,\n  .cq-morecaption .cq-morecaption-wrapper,\n  .cq-morecaption img {\n    height: 420px !important;\n  }\n}\n<\/style>\n\n<div class=\"lal-grid-2\">\n\n<div class=\"cq-morecaption cq-morecaption-byhover cq-morecaption-hover cq-morecaption-shape-square \" data-elementheight=\"\" style=\"height:\" data-captionby=\"hover\"><div class=\"cq-morecaption-container cq-visible\"><div class=\"cq-morecaption-content\"><div class=\"cq-morecaption-less\"><h3 class=\"cq-morecaption-title\" style=\"color:#ffffff;font-size:;\">R\u00c9SIDENTIEL \/ COMMERCIAL<\/h3><\/div><div class=\"cq-morecaption-more\"><p class=\"cq-morecaption-text\">\n<ul>\n  <li><span style=\"color: #fff;\">R\u00e9sidentiel<\/span><\/li>\n  <li><span style=\"color: #fff;\">Bureau<\/span><\/li>\n  <li><span style=\"color: #fff;\">Tourisme<\/span><\/li>\n  <li><span style=\"color: #fff;\">Commerce de d\u00e9tail<\/span><\/li>\n  <li><span style=\"color: #fff;\">Sant\u00e9<\/span><\/li>\n  <li><span style=\"color: #fff;\">\u00c9ducation<\/span><\/li>\n  <li><span style=\"color: #fff;\">B\u00e2timents sp\u00e9cifiques<\/span><\/li>\n<\/ul>\n<\/p><\/div><\/div><div class=\"cq-morecaption-btn\"><\/div><div class=\"cq-morecaption-image\"><div class=\"cq-morecaption-cover\" style=\"background-color:;\"><\/div><img decoding=\"async\" src=\"https:\/\/laldegerleme.com.tr\/wp-content\/uploads\/2020\/09\/degerleme-resim-12-2.jpg\" alt=\"\" \/><\/div><\/div><\/div>\n\n<div class=\"cq-morecaption cq-morecaption-byhover cq-morecaption-hover cq-morecaption-shape-square \" data-elementheight=\"\" style=\"height:\" data-captionby=\"hover\"><div class=\"cq-morecaption-container cq-visible\"><div class=\"cq-morecaption-content\"><div class=\"cq-morecaption-less\"><h3 class=\"cq-morecaption-title\" style=\"color:#ffffff;font-size:;\">INSTALLATIONS INDUSTRIELLES<\/h3><\/div><div class=\"cq-morecaption-more\"><p class=\"cq-morecaption-text\">\n<ul>\n  <li><span style=\"color: #fff;\">\u00c9nergie (Hydro\u00e9lectrique, G\u00e9othermique, Solaire, \u00c9olienne)<\/span><\/li>\n  <li><span style=\"color: #fff;\">Ciment<\/span><\/li>\n  <li><span style=\"color: #fff;\">Chimie<\/span><\/li>\n  <li><span style=\"color: #fff;\">Pharmaceutique<\/span><\/li>\n  <li><span style=\"color: #fff;\">M\u00e9tallurgie<\/span><\/li>\n  <li><span style=\"color: #fff;\">Automobile<\/span><\/li>\n  <li><span style=\"color: #fff;\">Logistique<\/span><\/li>\n  <li><span style=\"color: #fff;\">P\u00e9trochimie<\/span><\/li>\n  <li><span style=\"color: #fff;\">Port<\/span><\/li>\n  <li><span style=\"color: #fff;\">A\u00e9roport<\/span><\/li>\n<\/ul>\n<\/p><\/div><\/div><div class=\"cq-morecaption-btn\"><\/div><div class=\"cq-morecaption-image\"><div class=\"cq-morecaption-cover\" style=\"background-color:;\"><\/div><img decoding=\"async\" src=\"https:\/\/laldegerleme.com.tr\/wp-content\/uploads\/2020\/09\/degerleme-resim-11.jpg\" alt=\"\" \/><\/div><\/div><\/div>\n\n<div class=\"cq-morecaption cq-morecaption-byhover cq-morecaption-hover cq-morecaption-shape-square \" data-elementheight=\"\" style=\"height:\" data-captionby=\"hover\"><div class=\"cq-morecaption-container cq-visible\"><div class=\"cq-morecaption-content\"><div class=\"cq-morecaption-less\"><h3 class=\"cq-morecaption-title\" style=\"color:#ffffff;font-size:;\">MACHINES<\/h3><\/div><div class=\"cq-morecaption-more\"><p class=\"cq-morecaption-text\">\n<ul>\n  <li><span style=\"color: #fff;\">Machines<\/span><\/li>\n  <li><span style=\"color: #fff;\">\u00c9quipements et installations<\/span><\/li>\n  <li><span style=\"color: #fff;\">Engins de chantier<\/span><\/li>\n  <li><span style=\"color: #fff;\">V\u00e9hicules (Terrestres, A\u00e9riens, Maritimes)<\/span><\/li>\n<\/ul>\n<\/p><\/div><\/div><div class=\"cq-morecaption-btn\"><\/div><div class=\"cq-morecaption-image\"><div class=\"cq-morecaption-cover\" style=\"background-color:;\"><\/div><img decoding=\"async\" src=\"https:\/\/laldegerleme.com.tr\/wp-content\/uploads\/2020\/09\/degerleme-resim-13.jpg\" alt=\"\" \/><\/div><\/div><\/div>\n\n<div class=\"cq-morecaption cq-morecaption-byhover cq-morecaption-hover cq-morecaption-shape-square \" data-elementheight=\"\" style=\"height:\" data-captionby=\"hover\"><div class=\"cq-morecaption-container cq-visible\"><div class=\"cq-morecaption-content\"><div class=\"cq-morecaption-less\"><h3 class=\"cq-morecaption-title\" style=\"color:#ffffff;font-size:;\">SECTEUR AGRICOLE<\/h3><\/div><div class=\"cq-morecaption-more\"><p class=\"cq-morecaption-text\">\n<ul>\n  <li><span style=\"color: #fff;\">Terrain \/ Parcelle<\/span><\/li>\n  <li><span style=\"color: #fff;\">Serre<\/span><\/li>\n  <li><span style=\"color: #fff;\">Vergers et potagers<\/span><\/li>\n  <li><span style=\"color: #fff;\">Fermes<\/span><\/li>\n  <li><span style=\"color: #fff;\">\u00c9levages d\u2019animaux<\/span><\/li>\n  <li><span style=\"color: #fff;\">Production int\u00e9gr\u00e9e<\/span><\/li>\n<\/ul>\n<\/p><\/div><\/div><div class=\"cq-morecaption-btn\"><\/div><div class=\"cq-morecaption-image\"><div class=\"cq-morecaption-cover\" style=\"background-color:;\"><\/div><img decoding=\"async\" src=\"https:\/\/laldegerleme.com.tr\/wp-content\/uploads\/2020\/09\/degerleme-resim-14-1.jpg\" alt=\"\" \/><\/div><\/div><\/div>\n\n<div class=\"cq-morecaption cq-morecaption-byhover cq-morecaption-hover cq-morecaption-shape-square \" data-elementheight=\"\" style=\"height:\" data-captionby=\"hover\"><div class=\"cq-morecaption-container cq-visible\"><div class=\"cq-morecaption-content\"><div class=\"cq-morecaption-less\"><h3 class=\"cq-morecaption-title\" style=\"color:#ffffff;font-size:;\">GARANTIE \/ FINANCEMENT<\/h3><\/div><div class=\"cq-morecaption-more\"><p class=\"cq-morecaption-text\">\n<ul>\n  <li><span style=\"color: #fff;\">Hypoth\u00e8que<\/span><\/li>\n  <li><span style=\"color: #fff;\">Banque commerciale<\/span><\/li>\n  <li><span style=\"color: #fff;\">Biens des concessionnaires<\/span><\/li>\n  <li><span style=\"color: #fff;\">\u00c9changes ou trocs<\/span><\/li>\n<\/ul>\n<\/p><\/div><\/div><div class=\"cq-morecaption-btn\"><\/div><div class=\"cq-morecaption-image\"><div class=\"cq-morecaption-cover\" style=\"background-color:;\"><\/div><img decoding=\"async\" src=\"https:\/\/laldegerleme.com.tr\/wp-content\/uploads\/2020\/09\/degerleme-resim-19.jpg\" alt=\"\" \/><\/div><\/div><\/div>\n\n<div class=\"cq-morecaption cq-morecaption-byhover cq-morecaption-hover cq-morecaption-shape-square \" data-elementheight=\"\" style=\"height:\" data-captionby=\"hover\"><div class=\"cq-morecaption-container cq-visible\"><div class=\"cq-morecaption-content\"><div class=\"cq-morecaption-less\"><h3 class=\"cq-morecaption-title\" style=\"color:#ffffff;font-size:;\">ACTIFS IMMOBILIERS ET PORTEFEUILLES<\/h3><\/div><div class=\"cq-morecaption-more\"><p class=\"cq-morecaption-text\">\n<ul>\n  <li><span style=\"color: #fff;\">Travaux d\u2019\u00e9valuation et d\u2019inventaire<\/span><\/li>\n  <li><span style=\"color: #fff;\">Gestion d\u2019actifs<\/span><\/li>\n  <li><span style=\"color: #fff;\">\u00c9valuation de portefeuilles<\/span><\/li>\n<\/ul>\n<\/p><\/div><\/div><div class=\"cq-morecaption-btn\"><\/div><div class=\"cq-morecaption-image\"><div class=\"cq-morecaption-cover\" style=\"background-color:;\"><\/div><img decoding=\"async\" src=\"https:\/\/laldegerleme.com.tr\/wp-content\/uploads\/2020\/09\/degerleme-resim-15.jpg\" alt=\"\" \/><\/div><\/div><\/div>\n\n<div class=\"cq-morecaption cq-morecaption-byhover cq-morecaption-hover cq-morecaption-shape-square \" data-elementheight=\"\" style=\"height:\" data-captionby=\"hover\"><div class=\"cq-morecaption-container cq-visible\"><div class=\"cq-morecaption-content\"><div class=\"cq-morecaption-less\"><h3 class=\"cq-morecaption-title\" style=\"color:#ffffff;font-size:;\">CONSEIL TECHNIQUE EN L\u00c9GISLATION IMMOBILI\u00c8RE<\/h3><\/div><div class=\"cq-morecaption-more\"><p class=\"cq-morecaption-text\">\n<ul>\n  <li><span style=\"color: #fff;\">\u00c9valuation des biens immobiliers<\/span><\/li>\n  <li><span style=\"color: #fff;\">Consultation et avis d\u2019expert<\/span><\/li>\n  <li><span style=\"color: #fff;\">Partage d\u2019h\u00e9ritage ou de biens<\/span><\/li>\n  <li><span style=\"color: #fff;\">Transfert d\u2019entreprise ou de partenariat<\/span><\/li>\n  <li><span style=\"color: #fff;\">S\u00e9curit\u00e9 sociale et r\u00e8glement fiscal<\/span><\/li>\n<\/ul>\n<\/p><\/div><\/div><div class=\"cq-morecaption-btn\"><\/div><div class=\"cq-morecaption-image\"><div class=\"cq-morecaption-cover\" style=\"background-color:;\"><\/div><img decoding=\"async\" src=\"https:\/\/laldegerleme.com.tr\/wp-content\/uploads\/2020\/09\/degerleme-resim-20.jpg\" alt=\"\" \/><\/div><\/div><\/div>\n\n<div class=\"cq-morecaption cq-morecaption-byhover cq-morecaption-hover cq-morecaption-shape-square \" data-elementheight=\"\" style=\"height:\" data-captionby=\"hover\"><div class=\"cq-morecaption-container cq-visible\"><div class=\"cq-morecaption-content\"><div class=\"cq-morecaption-less\"><h3 class=\"cq-morecaption-title\" style=\"color:#ffffff;font-size:;\">MONUMENTS HISTORIQUES<\/h3><\/div><div class=\"cq-morecaption-more\"><p class=\"cq-morecaption-text\">\n<ul>\n  <li><span style=\"color: #fff;\">Service d\u2019\u00e9valuation d\u2019\u00e9tat et de valeur<\/span><\/li>\n<\/ul>\n<\/p><\/div><\/div><div class=\"cq-morecaption-btn\"><\/div><div class=\"cq-morecaption-image\"><div class=\"cq-morecaption-cover\" style=\"background-color:;\"><\/div><img decoding=\"async\" src=\"https:\/\/laldegerleme.com.tr\/wp-content\/uploads\/2020\/10\/tarihi-eser.jpg\" alt=\"\" \/><\/div><\/div><\/div>\n\n<\/div>\n\t\t\t\t\t\t<\/div>\n\t\t\t\t<\/div>\n\t\t\t\t\t<\/div>\n\t\t\t\t<\/div>\n\t\t\t\t<\/div>\n\t\t","protected":false},"excerpt":{"rendered":"R\u00c9SIDENTIEL \/ COMMERCIAL R\u00e9sidentiel Bureau Tourisme Commerce de d\u00e9tail Sant\u00e9 \u00c9ducation B\u00e2timents sp\u00e9cifiques INSTALLATIONS INDUSTRIELLES \u00c9nergie (Hydro\u00e9lectrique, G\u00e9othermique, Solaire, \u00c9olienne) Ciment Chimie Pharmaceutique M\u00e9tallurgie Automobile Logistique<span class=\"excerpt-hellip\"> [\u2026]<\/span>","protected":false},"author":1,"featured_media":0,"parent":0,"menu_order":0,"comment_status":"closed","ping_status":"closed","template":"","meta":{"footnotes":""},"_links":{"self":[{"href":"https:\/\/laldegerleme.com.tr\/fr\/wp-json\/wp\/v2\/pages\/2599"}],"collection":[{"href":"https:\/\/laldegerleme.com.tr\/fr\/wp-json\/wp\/v2\/pages"}],"about":[{"href":"https:\/\/laldegerleme.com.tr\/fr\/wp-json\/wp\/v2\/types\/page"}],"author":[{"embeddable":true,"href":"https:\/\/laldegerleme.com.tr\/fr\/wp-json\/wp\/v2\/users\/1"}],"replies":[{"embeddable":true,"href":"https:\/\/laldegerleme.com.tr\/fr\/wp-json\/wp\/v2\/comments?post=2599"}],"version-history":[{"count":3,"href":"https:\/\/laldegerleme.com.tr\/fr\/wp-json\/wp\/v2\/pages\/2599\/revisions"}],"predecessor-version":[{"id":3814,"href":"https:\/\/laldegerleme.com.tr\/fr\/wp-json\/wp\/v2\/pages\/2599\/revisions\/3814"}],"wp:attachment":[{"href":"https:\/\/laldegerleme.com.tr\/fr\/wp-json\/wp\/v2\/media?parent=2599"}],"curies":[{"name":"wp","href":"https:\/\/api.w.org\/{rel}","templated":true}]}}