{"id":2606,"date":"2020-08-10T15:37:00","date_gmt":"2020-08-10T12:37:00","guid":{"rendered":"https:\/\/www.laldegerleme.com.tr\/musavirlik\/"},"modified":"2025-10-31T15:55:26","modified_gmt":"2025-10-31T12:55:26","slug":"les-activites-de-conseil","status":"publish","type":"page","link":"https:\/\/laldegerleme.com.tr\/fr\/les-activites-de-conseil\/","title":{"rendered":"Les Activit\u00e9s de Conseil"},"content":{"rendered":"<div class=\"wpb-content-wrapper\">\t\t<div data-elementor-type=\"wp-page\" data-elementor-id=\"2606\" class=\"elementor elementor-2606 elementor-746\">\n\t\t\t\t<div class=\"elementor-element elementor-element-284898af e-flex e-con-boxed e-con e-parent\" data-id=\"284898af\" data-element_type=\"container\">\n\t\t\t\t\t<div class=\"e-con-inner\">\n\t\t\t\t<div class=\"elementor-element elementor-element-771953c6 elementor-widget elementor-widget-text-editor\" data-id=\"771953c6\" data-element_type=\"widget\" data-widget_type=\"text-editor.default\">\n\t\t\t\t<div class=\"elementor-widget-container\">\n\t\t\t<style>\/*! elementor - v3.21.0 - 26-05-2024 *\/\n.elementor-widget-text-editor.elementor-drop-cap-view-stacked .elementor-drop-cap{background-color:#69727d;color:#fff}.elementor-widget-text-editor.elementor-drop-cap-view-framed .elementor-drop-cap{color:#69727d;border:3px solid;background-color:transparent}.elementor-widget-text-editor:not(.elementor-drop-cap-view-default) .elementor-drop-cap{margin-top:8px}.elementor-widget-text-editor:not(.elementor-drop-cap-view-default) .elementor-drop-cap-letter{width:1em;height:1em}.elementor-widget-text-editor .elementor-drop-cap{float:left;text-align:center;line-height:1;font-size:50px}.elementor-widget-text-editor .elementor-drop-cap-letter{display:inline-block}<\/style>\t\t\t\t<style>\n\/* Sadece kutular\u0131 b\u00fcy\u00fct\u00fcr \u2013 i\u00e7erikler ayn\u0131 kal\u0131r *\/\n.cq-morecaption,\n.cq-morecaption .cq-morecaption-wrapper {\n  height: 480px !important; \/* Kutular\u0131n y\u00fcksekli\u011fi b\u00fcy\u00fcd\u00fc *\/\n  overflow: hidden !important;\n}\n\n\/* G\u00f6rsellerin oran\u0131 bozulmadan b\u00fcy\u00fcmesi *\/\n.cq-morecaption img {\n  height: 480px !important;\n  width: 100% !important;\n  object-fit: cover !important;\n  transition: all 0.4s ease !important;\n}\n\n\/* Hover efekti *\/\n.cq-morecaption:hover img {\n  transform: scale(1.03) !important;\n  filter: brightness(0.8) !important;\n}\n\n\/* Yaz\u0131 alan\u0131 *\/\n.cq-morecaption-content {\n  padding: 35px !important;\n  line-height: 1.6 !important;\n}\n\n\/* Mobil uyum *\/\n@media (max-width: 991px) {\n  .cq-morecaption,\n  .cq-morecaption .cq-morecaption-wrapper,\n  .cq-morecaption img {\n    height: 420px !important;\n  }\n}\n<\/style>\n\n[vc_row][vc_column width=\u00a0\u00bb1\/2&Prime;]<div class=\"cq-morecaption cq-morecaption-byhover cq-morecaption-hover cq-morecaption-shape-square \" data-elementheight=\"\" style=\"height:\" data-captionby=\"hover\"><div class=\"cq-morecaption-container cq-visible\"><div class=\"cq-morecaption-content\"><div class=\"cq-morecaption-less\"><h3 class=\"cq-morecaption-title\" style=\"color:#ffffff;font-size:;\">ACTIVIT\u00c9S DE CONSEIL DANS LE DOMAINE DU D\u00c9VELOPPEMENT ET DE LA FAISABILIT\u00c9 DES PROJETS<\/h3><\/div><div class=\"cq-morecaption-more\"><p class=\"cq-morecaption-text\">\n<ul>\n  <li><span style=\"color: #ffffff;\">\u00c9tudes sectorielles et\/ou r\u00e9gionales de projets immobiliers<\/span><\/li>\n  <li><span style=\"color: #ffffff;\">Recherches et analyses de march\u00e9 immobilier<\/span><\/li>\n  <li><span style=\"color: #ffffff;\">\u00c9tudes sur l\u2019\u00e9quilibre offre\/demande<\/span><\/li>\n  <li><span style=\"color: #ffffff;\">Analyses de la valeur immobili\u00e8re<\/span><\/li>\n  <li><span style=\"color: #ffffff;\">Analyses financi\u00e8res<\/span><\/li>\n  <li><span style=\"color: #ffffff;\">\u00c9tudes sur l\u2019usage le plus efficace et le plus rentable<\/span><\/li>\n<\/ul>\n<\/p><\/div><\/div><div class=\"cq-morecaption-btn\"><\/div><div class=\"cq-morecaption-image\"><div class=\"cq-morecaption-cover\" style=\"background-color:;\"><\/div><img decoding=\"async\" src=\"https:\/\/laldegerleme.com.tr\/wp-content\/uploads\/2020\/09\/danismanlik-resim-1.jpg\" alt=\"\" \/><\/div><\/div><\/div>[\/vc_column][vc_column width=\u00a0\u00bb1\/2&Prime;]<div class=\"cq-morecaption cq-morecaption-byhover cq-morecaption-hover cq-morecaption-shape-square \" data-elementheight=\"\" style=\"height:\" data-captionby=\"hover\"><div class=\"cq-morecaption-container cq-visible\"><div class=\"cq-morecaption-content\"><div class=\"cq-morecaption-less\"><h3 class=\"cq-morecaption-title\" style=\"color:#ffffff;font-size:;\">ACTIVIT\u00c9S DE CONSEIL DANS LE DOMAINE DE LA CONCEPTION ET DU D\u00c9VELOPPEMENT DE PROJETS IMMOBILIERS<\/h3><\/div><div class=\"cq-morecaption-more\"><p class=\"cq-morecaption-text\">\n<ul>\n  <li><span style=\"color: #ffffff;\">\u00c9tudes sur la d\u00e9finition et l\u2019analyse du march\u00e9<\/span><\/li>\n  <li><span style=\"color: #ffffff;\">Analyse du public cible<\/span><\/li>\n  <li><span style=\"color: #ffffff;\">\u00c9laboration de concepts adapt\u00e9s aux projets immobiliers<\/span><\/li>\n  <li><span style=\"color: #ffffff;\">Cr\u00e9ation de bases de projets pour les \u00e9quipes d\u2019architecture<\/span><\/li>\n  <li><span style=\"color: #ffffff;\">D\u00e9termination de la composition et des taux de r\u00e9partition des projets<\/span><\/li>\n<\/ul>\n<\/p><\/div><\/div><div class=\"cq-morecaption-btn\"><\/div><div class=\"cq-morecaption-image\"><div class=\"cq-morecaption-cover\" style=\"background-color:;\"><\/div><img decoding=\"async\" src=\"https:\/\/laldegerleme.com.tr\/wp-content\/uploads\/2020\/09\/danismanlik-resim-2.jpg\" alt=\"\" \/><\/div><\/div><\/div>[\/vc_column][\/vc_row]\n\n[vc_row][vc_column width=\u00a0\u00bb1\/2&Prime;]<div class=\"cq-morecaption cq-morecaption-byhover cq-morecaption-hover cq-morecaption-shape-square \" data-elementheight=\"\" style=\"height:\" data-captionby=\"hover\"><div class=\"cq-morecaption-container cq-visible\"><div class=\"cq-morecaption-content\"><div class=\"cq-morecaption-less\"><h3 class=\"cq-morecaption-title\" style=\"color:#ffffff;font-size:;\">ACTIVIT\u00c9S DE CONSEIL EN STRAT\u00c9GIE DE D\u00c9VELOPPEMENT DE PROJETS<\/h3><\/div><div class=\"cq-morecaption-more\"><p class=\"cq-morecaption-text\">\n<ul>\n  <li><span style=\"color: #ffffff;\">\u00c9valuations et \u00e9tudes de valorisation de projets<\/span><\/li>\n  <li><span style=\"color: #ffffff;\">Conseil en sc\u00e9narios de vente<\/span><\/li>\n  <li><span style=\"color: #ffffff;\">Conseil aux \u00e9quipes financi\u00e8res<\/span><\/li>\n<\/ul>\n<\/p><\/div><\/div><div class=\"cq-morecaption-btn\"><\/div><div class=\"cq-morecaption-image\"><div class=\"cq-morecaption-cover\" style=\"background-color:;\"><\/div><img decoding=\"async\" src=\"https:\/\/laldegerleme.com.tr\/wp-content\/uploads\/2020\/09\/danismanlik-resim-3.jpg\" alt=\"\" \/><\/div><\/div><\/div>[\/vc_column][vc_column width=\u00a0\u00bb1\/2&Prime;]<div class=\"cq-morecaption cq-morecaption-byhover cq-morecaption-hover cq-morecaption-shape-square \" data-elementheight=\"\" style=\"height:\" data-captionby=\"hover\"><div class=\"cq-morecaption-container cq-visible\"><div class=\"cq-morecaption-content\"><div class=\"cq-morecaption-less\"><h3 class=\"cq-morecaption-title\" style=\"color:#ffffff;font-size:;\">INVESTISSEMENT, \u00c9VALUATION ET GESTION D\u2019ACTIFS<\/h3><\/div><div class=\"cq-morecaption-more\"><p class=\"cq-morecaption-text\">\n<ul>\n  <li><span style=\"color: #ffffff;\">Cr\u00e9ation de strat\u00e9gies d\u2019investissement<\/span><\/li>\n  <li><span style=\"color: #ffffff;\">Cr\u00e9ation de strat\u00e9gies de gestion d\u2019actifs<\/span><\/li>\n  <li><span style=\"color: #ffffff;\">Analyse de portefeuille et d\u00e9veloppement de strat\u00e9gies<\/span><\/li>\n  <li><span style=\"color: #ffffff;\">Analyse de rentabilit\u00e9 du portefeuille<\/span><\/li>\n  <li><span style=\"color: #ffffff;\">Analyse de la localisation et du choix du site<\/span><\/li>\n  <li><span style=\"color: #ffffff;\">Analyse du march\u00e9 et des prix<\/span><\/li>\n  <li><span style=\"color: #ffffff;\">Analyse de la situation actuelle (technique et juridique)<\/span><\/li>\n  <li><span style=\"color: #ffffff;\">Analyse des risques et des co\u00fbts<\/span><\/li>\n  <li><span style=\"color: #ffffff;\">D\u00e9termination de la valeur locative<\/span><\/li>\n<\/ul>\n<\/p><\/div><\/div><div class=\"cq-morecaption-btn\"><\/div><div class=\"cq-morecaption-image\"><div class=\"cq-morecaption-cover\" style=\"background-color:;\"><\/div><img decoding=\"async\" src=\"https:\/\/laldegerleme.com.tr\/wp-content\/uploads\/2020\/09\/danismanlik-resim-4.jpg\" alt=\"\" \/><\/div><\/div><\/div>[\/vc_column][\/vc_row]\n\n[vc_row][vc_column width=\u00a0\u00bb1\/2&Prime;]<div class=\"cq-morecaption cq-morecaption-byhover cq-morecaption-hover cq-morecaption-shape-square \" data-elementheight=\"\" style=\"height:\" data-captionby=\"hover\"><div class=\"cq-morecaption-container cq-visible\"><div class=\"cq-morecaption-content\"><div class=\"cq-morecaption-less\"><h3 class=\"cq-morecaption-title\" style=\"color:#ffffff;font-size:;\">CONSEIL EN VENTES AUX ENCH\u00c8RES<\/h3><\/div><div class=\"cq-morecaption-more\"><p class=\"cq-morecaption-text\">\n<ul>\n  <li><span style=\"color: #ffffff;\">Analyses de valeur estim\u00e9e et de base<\/span><\/li>\n  <li><span style=\"color: #ffffff;\">Analyse de la situation actuelle (technique et juridique)<\/span><\/li>\n  <li><span style=\"color: #ffffff;\">\u00c9tudes de rentabilit\u00e9<\/span><\/li>\n  <li><span style=\"color: #ffffff;\">\u00c9tudes d\u2019usage optimal et le plus rentable<\/span><\/li>\n<\/ul>\n<\/p><\/div><\/div><div class=\"cq-morecaption-btn\"><\/div><div class=\"cq-morecaption-image\"><div class=\"cq-morecaption-cover\" style=\"background-color:;\"><\/div><img decoding=\"async\" src=\"https:\/\/laldegerleme.com.tr\/wp-content\/uploads\/2020\/09\/danismanlik-resim-5.jpg\" alt=\"\" \/><\/div><\/div><\/div>[\/vc_column][vc_column width=\u00a0\u00bb1\/2&Prime;]<div class=\"cq-morecaption cq-morecaption-byhover cq-morecaption-hover cq-morecaption-shape-square \" data-elementheight=\"\" style=\"height:\" data-captionby=\"hover\"><div class=\"cq-morecaption-container cq-visible\"><div class=\"cq-morecaption-content\"><div class=\"cq-morecaption-less\"><h3 class=\"cq-morecaption-title\" style=\"color:#ffffff;font-size:;\">CONSEIL EN TRANSFORMATION URBAINE<\/h3><\/div><div class=\"cq-morecaption-more\"><p class=\"cq-morecaption-text\">\n<ul>\n  <li><span style=\"color: #ffffff;\">D\u00e9termination des droits de propri\u00e9t\u00e9<\/span><\/li>\n  <li><span style=\"color: #ffffff;\">Pr\u00e9paration des rapports d\u2019\u00e9valuation<\/span><\/li>\n  <li><span style=\"color: #ffffff;\">Cr\u00e9ation de mod\u00e8les de transformation<\/span><\/li>\n  <li><span style=\"color: #ffffff;\">D\u00e9termination des montants \u00e0 payer ou \u00e0 recevoir<\/span><\/li>\n  <li><span style=\"color: #ffffff;\">Conseil aux institutions publiques et \u00e9quipes d\u2019urbanisme<\/span><\/li>\n  <li><span style=\"color: #ffffff;\">Planification et cartographie<\/span><\/li>\n  <li><span style=\"color: #ffffff;\">Pr\u00e9paration de plans de r\u00e9partition<\/span><\/li>\n  <li><span style=\"color: #ffffff;\">Assistance technique aux autorit\u00e9s lors des n\u00e9gociations avec le public<\/span><\/li>\n<\/ul>\n<\/p><\/div><\/div><div class=\"cq-morecaption-btn\"><\/div><div class=\"cq-morecaption-image\"><div class=\"cq-morecaption-cover\" style=\"background-color:;\"><\/div><img decoding=\"async\" src=\"https:\/\/laldegerleme.com.tr\/wp-content\/uploads\/2020\/09\/danismanlik-resim-6.jpg\" alt=\"\" \/><\/div><\/div><\/div>[\/vc_column][\/vc_row]\n\n[vc_row][vc_column width=\u00a0\u00bb1\/2&Prime;]<div class=\"cq-morecaption cq-morecaption-byhover cq-morecaption-hover cq-morecaption-shape-square \" data-elementheight=\"\" style=\"height:\" data-captionby=\"hover\"><div class=\"cq-morecaption-container cq-visible\"><div class=\"cq-morecaption-content\"><div class=\"cq-morecaption-less\"><h3 class=\"cq-morecaption-title\" style=\"color:#ffffff;font-size:;\">CONSEIL DANS LE CADRE DES NORMES INTERNATIONALES D\u2019INFORMATION FINANCI\u00c8RE (IFRS)<\/h3><\/div><\/div><div class=\"cq-morecaption-btn\"><\/div><div class=\"cq-morecaption-image\"><div class=\"cq-morecaption-cover\" style=\"background-color:;\"><\/div><img decoding=\"async\" src=\"https:\/\/laldegerleme.com.tr\/wp-content\/uploads\/2020\/09\/danismanlik-resim-7.jpg\" alt=\"\" \/><\/div><\/div><\/div>[\/vc_column][vc_column width=\u00a0\u00bb1\/2&Prime;]<div class=\"cq-morecaption cq-morecaption-byhover cq-morecaption-hover cq-morecaption-shape-square \" data-elementheight=\"\" style=\"height:\" data-captionby=\"hover\"><div class=\"cq-morecaption-container cq-visible\"><div class=\"cq-morecaption-content\"><div class=\"cq-morecaption-less\"><h3 class=\"cq-morecaption-title\" style=\"color:#ffffff;font-size:;\">CONSEIL TECHNIQUE ET JURIDIQUE<\/h3><\/div><div class=\"cq-morecaption-more\"><p class=\"cq-morecaption-text\">\n<ul>\n  <li><span style=\"color: #ffffff;\">R\u00e9gularisation des b\u00e2timents ill\u00e9gaux (Amnistie de construction)<\/span><\/li>\n  <li><span style=\"color: #ffffff;\">Mesure et d\u00e9termination des surfaces b\u00e2ties<\/span><\/li>\n  <li><span style=\"color: #ffffff;\">\u00c9tudes de constat sur site<\/span><\/li>\n  <li><span style=\"color: #ffffff;\">Suivi de l\u2019avancement des travaux et d\u00e9termination du niveau d\u2019ach\u00e8vement<\/span><\/li>\n  <li><span style=\"color: #ffffff;\">Suivi des investissements, des plans de travail et des flux financiers<\/span><\/li>\n  <li><span style=\"color: #ffffff;\">Contr\u00f4le technique des b\u00e2timents r\u00e9sidentiels<\/span><\/li>\n<\/ul>\n<\/p><\/div><\/div><div class=\"cq-morecaption-btn\"><\/div><div class=\"cq-morecaption-image\"><div class=\"cq-morecaption-cover\" style=\"background-color:;\"><\/div><img decoding=\"async\" src=\"https:\/\/laldegerleme.com.tr\/wp-content\/uploads\/2020\/09\/danismanlik-resim-8.jpg\" alt=\"\" \/><\/div><\/div><\/div>[\/vc_column][\/vc_row]\n\n[vc_row][vc_column width=\u00a0\u00bb1\/2&Prime;]<div class=\"cq-morecaption cq-morecaption-byhover cq-morecaption-hover cq-morecaption-shape-square \" data-elementheight=\"\" style=\"height:\" data-captionby=\"hover\"><div class=\"cq-morecaption-container cq-visible\"><div class=\"cq-morecaption-content\"><div class=\"cq-morecaption-less\"><h3 class=\"cq-morecaption-title\" style=\"color:#ffffff;font-size:;\">CONSEIL EN L\u00c9GISLATION IMMOBILI\u00c8RE<\/h3><\/div><div class=\"cq-morecaption-more\"><p class=\"cq-morecaption-text\">\n<ul>\n  <li><span style=\"color: #ffffff;\">Rapports d\u2019avis d\u2019experts<\/span><\/li>\n<\/ul>\n<\/p><\/div><\/div><div class=\"cq-morecaption-btn\"><\/div><div class=\"cq-morecaption-image\"><div class=\"cq-morecaption-cover\" style=\"background-color:;\"><\/div><img decoding=\"async\" src=\"https:\/\/laldegerleme.com.tr\/wp-content\/uploads\/2020\/09\/danismanlik-resim-9.jpg\" alt=\"\" \/><\/div><\/div><\/div>[\/vc_column][vc_column width=\u00a0\u00bb1\/2&Prime;][\/vc_column][\/vc_row]\n\t\t\t\t\t\t<\/div>\n\t\t\t\t<\/div>\n\t\t\t\t\t<\/div>\n\t\t\t\t<\/div>\n\t\t\t\t<\/div>\n\t\t<\/div>","protected":false},"excerpt":{"rendered":"<p>[vc_row][vc_column width=\u00a0\u00bb1\/2&Prime;][\/vc_column][vc_column width=\u00a0\u00bb1\/2&Prime;][\/vc_column][\/vc_row] [vc_row][vc_column width=\u00a0\u00bb1\/2&Prime;][\/vc_column][vc_column width=\u00a0\u00bb1\/2&Prime;][\/vc_column][\/vc_row] [vc_row][vc_column width=\u00a0\u00bb1\/2&Prime;][\/vc_column][vc_column width=\u00a0\u00bb1\/2&Prime;][\/vc_column][\/vc_row] [vc_row][vc_column width=\u00a0\u00bb1\/2&Prime;][\/vc_column][vc_column width=\u00a0\u00bb1\/2&Prime;][\/vc_column][\/vc_row] [vc_row][vc_column width=\u00a0\u00bb1\/2&Prime;][\/vc_column][vc_column width=\u00a0\u00bb1\/2&Prime;][\/vc_column][\/vc_row]<\/p>\n","protected":false},"author":1,"featured_media":0,"parent":0,"menu_order":0,"comment_status":"closed","ping_status":"closed","template":"","meta":{"footnotes":""},"_links":{"self":[{"href":"https:\/\/laldegerleme.com.tr\/fr\/wp-json\/wp\/v2\/pages\/2606"}],"collection":[{"href":"https:\/\/laldegerleme.com.tr\/fr\/wp-json\/wp\/v2\/pages"}],"about":[{"href":"https:\/\/laldegerleme.com.tr\/fr\/wp-json\/wp\/v2\/types\/page"}],"author":[{"embeddable":true,"href":"https:\/\/laldegerleme.com.tr\/fr\/wp-json\/wp\/v2\/users\/1"}],"replies":[{"embeddable":true,"href":"https:\/\/laldegerleme.com.tr\/fr\/wp-json\/wp\/v2\/comments?post=2606"}],"version-history":[{"count":3,"href":"https:\/\/laldegerleme.com.tr\/fr\/wp-json\/wp\/v2\/pages\/2606\/revisions"}],"predecessor-version":[{"id":3817,"href":"https:\/\/laldegerleme.com.tr\/fr\/wp-json\/wp\/v2\/pages\/2606\/revisions\/3817"}],"wp:attachment":[{"href":"https:\/\/laldegerleme.com.tr\/fr\/wp-json\/wp\/v2\/media?parent=2606"}],"curies":[{"name":"wp","href":"https:\/\/api.w.org\/{rel}","templated":true}]}}