{"id":2615,"date":"2020-08-10T15:38:31","date_gmt":"2020-08-10T12:38:31","guid":{"rendered":"https:\/\/www.laldegerleme.com.tr\/uluslararasi-degerleme\/"},"modified":"2026-01-29T14:18:09","modified_gmt":"2026-01-29T11:18:09","slug":"les-services-devaluation-au-niveau-international","status":"publish","type":"page","link":"https:\/\/laldegerleme.com.tr\/fr\/les-services-devaluation-au-niveau-international\/","title":{"rendered":"Les Services d\u2019\u00c9valuation au Niveau International"},"content":{"rendered":"\t\t<div data-elementor-type=\"wp-page\" data-elementor-id=\"2615\" class=\"elementor elementor-2615 elementor-750\">\n\t\t\t\t<div class=\"elementor-element elementor-element-3a1671a e-flex e-con-boxed e-con e-parent\" data-id=\"3a1671a\" data-element_type=\"container\">\n\t\t\t\t\t<div class=\"e-con-inner\">\n\t\t\t\t<div class=\"elementor-element elementor-element-7b1da1dd elementor-widget elementor-widget-text-editor\" data-id=\"7b1da1dd\" data-element_type=\"widget\" data-widget_type=\"text-editor.default\">\n\t\t\t\t<div class=\"elementor-widget-container\">\n\t\t\t<style>\/*! elementor - v3.21.0 - 26-05-2024 *\/\n.elementor-widget-text-editor.elementor-drop-cap-view-stacked .elementor-drop-cap{background-color:#69727d;color:#fff}.elementor-widget-text-editor.elementor-drop-cap-view-framed .elementor-drop-cap{color:#69727d;border:3px solid;background-color:transparent}.elementor-widget-text-editor:not(.elementor-drop-cap-view-default) .elementor-drop-cap{margin-top:8px}.elementor-widget-text-editor:not(.elementor-drop-cap-view-default) .elementor-drop-cap-letter{width:1em;height:1em}.elementor-widget-text-editor .elementor-drop-cap{float:left;text-align:center;line-height:1;font-size:50px}.elementor-widget-text-editor .elementor-drop-cap-letter{display:inline-block}<\/style>\t\t\t\t<div style=\"max-width: 700px; margin: 0 auto; text-align: center;\"><img decoding=\"async\" style=\"max-width: 100%; height: auto; border-radius: 8px; box-shadow: 0 6px 20px rgba(0,0,0,0.15); margin-bottom: 20px;\" src=\"https:\/\/laldegerleme.com.tr\/wp-content\/uploads\/2026\/01\/guncel-harita.png\" alt=\"Carte Internationale d\u2019\u00c9valuation - L\u00c2L De\u011ferleme\" \/><\/div>\n<p style=\"text-align: justify; border: 1px solid #e2e8f0; padding: 16px 18px; border-radius: 8px; line-height: 1.7; max-width: 700px; margin: 0 auto; color: #111; font-size: 16px;\"><span style=\"letter-spacing: 0;\">\nDepuis 2010, nous d\u00e9ployons d\u2019importants efforts afin de d\u00e9velopper nos services d\u2019\u00e9valuation immobili\u00e8re \u00e0 l\u2019\u00e9chelle internationale.\nLes progr\u00e8s accomplis au cours des derni\u00e8res ann\u00e9es repr\u00e9sentent une source d\u2019espoir pour l\u2019avenir de notre entreprise.\nNotre soci\u00e9t\u00e9 fournit des services \u00e0 l\u2019\u00e9tranger, notamment dans les domaines du d\u00e9veloppement urbain et du d\u00e9veloppement de projets immobiliers.\nEn \u00e9tablissant des partenariats dans plusieurs pays, nous avons renforc\u00e9 notre r\u00e9seau de services \u00e0 l\u2019international.\nDans les ann\u00e9es \u00e0 venir, nous poursuivrons nos efforts afin d\u2019accro\u00eetre notre pr\u00e9sence et notre influence sur la sc\u00e8ne internationale.\n<\/span><\/p>\t\t\t\t\t\t<\/div>\n\t\t\t\t<\/div>\n\t\t\t\t\t<\/div>\n\t\t\t\t<\/div>\n\t\t\t\t<\/div>\n\t\t","protected":false},"excerpt":{"rendered":"<p>Depuis 2010, nous d\u00e9ployons d\u2019importants efforts afin de d\u00e9velopper nos services d\u2019\u00e9valuation immobili\u00e8re \u00e0 l\u2019\u00e9chelle internationale. Les progr\u00e8s accomplis au cours des derni\u00e8res ann\u00e9es repr\u00e9sentent une<span class=\"excerpt-hellip\"> [\u2026]<\/span><\/p>\n","protected":false},"author":1,"featured_media":0,"parent":0,"menu_order":0,"comment_status":"closed","ping_status":"closed","template":"","meta":{"footnotes":""},"_links":{"self":[{"href":"https:\/\/laldegerleme.com.tr\/fr\/wp-json\/wp\/v2\/pages\/2615"}],"collection":[{"href":"https:\/\/laldegerleme.com.tr\/fr\/wp-json\/wp\/v2\/pages"}],"about":[{"href":"https:\/\/laldegerleme.com.tr\/fr\/wp-json\/wp\/v2\/types\/page"}],"author":[{"embeddable":true,"href":"https:\/\/laldegerleme.com.tr\/fr\/wp-json\/wp\/v2\/users\/1"}],"replies":[{"embeddable":true,"href":"https:\/\/laldegerleme.com.tr\/fr\/wp-json\/wp\/v2\/comments?post=2615"}],"version-history":[{"count":6,"href":"https:\/\/laldegerleme.com.tr\/fr\/wp-json\/wp\/v2\/pages\/2615\/revisions"}],"predecessor-version":[{"id":4063,"href":"https:\/\/laldegerleme.com.tr\/fr\/wp-json\/wp\/v2\/pages\/2615\/revisions\/4063"}],"wp:attachment":[{"href":"https:\/\/laldegerleme.com.tr\/fr\/wp-json\/wp\/v2\/media?parent=2615"}],"curies":[{"name":"wp","href":"https:\/\/api.w.org\/{rel}","templated":true}]}}