{"id":2621,"date":"2020-08-10T16:07:43","date_gmt":"2020-08-10T13:07:43","guid":{"rendered":"https:\/\/www.laldegerleme.com.tr\/egitim-birimi\/"},"modified":"2025-10-31T16:03:10","modified_gmt":"2025-10-31T13:03:10","slug":"le-service-de-formation","status":"publish","type":"page","link":"https:\/\/laldegerleme.com.tr\/fr\/le-service-de-formation\/","title":{"rendered":"Le Service de Formation"},"content":{"rendered":"\t\t<div data-elementor-type=\"wp-page\" data-elementor-id=\"2621\" class=\"elementor elementor-2621 elementor-755\">\n\t\t\t\t<div class=\"elementor-element elementor-element-71d4b23c e-flex e-con-boxed e-con e-parent\" data-id=\"71d4b23c\" data-element_type=\"container\">\n\t\t\t\t\t<div class=\"e-con-inner\">\n\t\t\t\t<div class=\"elementor-element elementor-element-3989301e elementor-widget elementor-widget-text-editor\" data-id=\"3989301e\" data-element_type=\"widget\" data-widget_type=\"text-editor.default\">\n\t\t\t\t<div class=\"elementor-widget-container\">\n\t\t\t<style>\/*! elementor - v3.21.0 - 26-05-2024 *\/\n.elementor-widget-text-editor.elementor-drop-cap-view-stacked .elementor-drop-cap{background-color:#69727d;color:#fff}.elementor-widget-text-editor.elementor-drop-cap-view-framed .elementor-drop-cap{color:#69727d;border:3px solid;background-color:transparent}.elementor-widget-text-editor:not(.elementor-drop-cap-view-default) .elementor-drop-cap{margin-top:8px}.elementor-widget-text-editor:not(.elementor-drop-cap-view-default) .elementor-drop-cap-letter{width:1em;height:1em}.elementor-widget-text-editor .elementor-drop-cap{float:left;text-align:center;line-height:1;font-size:50px}.elementor-widget-text-editor .elementor-drop-cap-letter{display:inline-block}<\/style>\t\t\t\t<div class=\"education-unit-container\">\n\nLe Service de Formation de L\u00c2L \u00c9valuation Immobili\u00e8re S.A. op\u00e8re conform\u00e9ment aux objectifs strat\u00e9giques de l\u2019entreprise afin de soutenir le d\u00e9veloppement professionnel et personnel de ses employ\u00e9s, de suivre les innovations du secteur immobilier et d\u2019assurer la durabilit\u00e9 du savoir-faire interne.  \n\n<div class=\"edu-gallery\">\n  <img decoding=\"async\" class=\"edu-img\" src=\"https:\/\/laldegerleme.com.tr\/wp-content\/uploads\/2025\/10\/ekran-goruntusu-2025-10-25-110552.png\" alt=\"Image de Formation 1\" \/>\n  <img decoding=\"async\" class=\"edu-img\" src=\"https:\/\/laldegerleme.com.tr\/wp-content\/uploads\/2025\/10\/ekran-goruntusu-2025-10-25-110559.png\" alt=\"Image de Formation 2\" \/>\n<\/div>\n\n<div class=\"edu-gallery\">\n  <img decoding=\"async\" class=\"edu-img\" src=\"https:\/\/laldegerleme.com.tr\/wp-content\/uploads\/2025\/10\/ekran-goruntusu-2025-10-25-110605.png\" alt=\"Image de Formation 3\" \/>\n  <img decoding=\"async\" class=\"edu-img\" src=\"https:\/\/laldegerleme.com.tr\/wp-content\/uploads\/2025\/10\/ekran-goruntusu-2025-10-25-110610.png\" alt=\"Image de Formation 4\" \/>\n<\/div>\n\nLe service vise non seulement \u00e0 contribuer au perfectionnement des experts, des contr\u00f4leurs et du personnel administratif gr\u00e2ce \u00e0 des programmes de formation planifi\u00e9s pour r\u00e9pondre aux besoins de l\u2019entreprise, mais aussi \u00e0 promouvoir une culture d\u2019apprentissage continu au sein de celle-ci. De plus, l\u2019un de ses objectifs prioritaires est d\u2019accro\u00eetre le partage de connaissances et de soutenir le d\u00e9veloppement sectoriel en s\u2019adressant \u00e0 l\u2019ensemble des acteurs du march\u00e9 immobilier.\n\n<div class=\"edu-gallery\">\n  <img decoding=\"async\" class=\"edu-img\" src=\"https:\/\/laldegerleme.com.tr\/wp-content\/uploads\/2025\/10\/ekran-goruntusu-2025-10-25-110616.png\" alt=\"Image de Formation 5\" \/>\n  <img decoding=\"async\" class=\"edu-img\" src=\"https:\/\/laldegerleme.com.tr\/wp-content\/uploads\/2025\/10\/ekran-goruntusu-2025-10-25-110621.png\" alt=\"Image de Formation 6\" \/>\n<\/div>\n\n<div class=\"edu-gallery\">\n  <img decoding=\"async\" class=\"edu-img\" src=\"https:\/\/laldegerleme.com.tr\/wp-content\/uploads\/2025\/10\/ekran-goruntusu-2025-10-25-110626.png\" alt=\"Image de Formation 7\" \/>\n  <img decoding=\"async\" class=\"edu-img\" src=\"https:\/\/laldegerleme.com.tr\/wp-content\/uploads\/2025\/10\/ekran-goruntusu-2025-10-25-122135.png\" alt=\"Image de Formation 8\" \/>\n<\/div>\n\nEn collaboration avec diverses institutions professionnelles, le service organise \u00e9galement des activit\u00e9s d\u2019information. Dans ce cadre, une formation intitul\u00e9e <strong>\u00ab R\u00e9conciliation des B\u00e2timents Ill\u00e9gaux et Processus Juridiques Post\u00e9rieurs \u00bb<\/strong> a \u00e9t\u00e9 organis\u00e9e par le Barreau d\u2019Ankara pour ses avocats membres, \u00e0 laquelle L\u00c2L \u00c9valuation Immobili\u00e8re S.A. a contribu\u00e9 en partageant son expertise et son exp\u00e9rience sur les processus d\u2019\u00e9valuation immobili\u00e8re.\n\n<div class=\"edu-gallery\">\n  <img decoding=\"async\" class=\"edu-img\" src=\"https:\/\/laldegerleme.com.tr\/wp-content\/uploads\/2025\/10\/ekran-goruntusu-2025-10-25-110637.png\" alt=\"Image de Formation 9\" \/>\n  <img decoding=\"async\" class=\"edu-img\" src=\"https:\/\/laldegerleme.com.tr\/wp-content\/uploads\/2025\/10\/ekran-goruntusu-2025-10-25-110643.png\" alt=\"Image de Formation 10\" \/>\n<\/div>\n\n<div class=\"education-unit-container\">\n\nL\u00c2L \u00c9valuation Immobili\u00e8re S.A. accorde une grande importance \u00e0 l\u2019int\u00e9gration des jeunes talents dans le secteur et organise, \u00e0 la demande, diverses activit\u00e9s d\u2019information destin\u00e9es aux \u00e9tudiants universitaires.  \nDes s\u00e9minaires intitul\u00e9s <strong>\u00ab L\u2019\u00c9valuation Immobili\u00e8re et le Secteur \u00bb<\/strong> ont \u00e9t\u00e9 organis\u00e9s dans les universit\u00e9s suivantes :  \n<strong>Universit\u00e9 d\u2019Ankara, Universit\u00e9 Technique du Moyen-Orient (ODT\u00dc), Universit\u00e9 d\u2019\u00c9conomie et de Technologie de l\u2019Union des Chambres et Bourses de Turquie (TOBB ET\u00dc), Universit\u00e9 B\u00fclent Ecevit de Zonguldak<\/strong> et  \n<strong>Universit\u00e9 Gazi<\/strong>, permettant aux \u00e9tudiants d\u2019acqu\u00e9rir une meilleure compr\u00e9hension du secteur immobilier.\n\n<div class=\"edu-gallery\">\n  <img decoding=\"async\" class=\"edu-img\" src=\"https:\/\/laldegerleme.com.tr\/wp-content\/uploads\/2025\/10\/ekran-goruntusu-2025-10-25-110703.png\" alt=\"Image de Formation 11\" \/>\n  <img decoding=\"async\" class=\"edu-img\" src=\"https:\/\/laldegerleme.com.tr\/wp-content\/uploads\/2025\/10\/ekran-goruntusu-2025-10-25-110709.png\" alt=\"Image de Formation 12\" \/>\n<\/div>\n\n<div class=\"edu-gallery\">\n  <img decoding=\"async\" class=\"edu-img\" src=\"https:\/\/laldegerleme.com.tr\/wp-content\/uploads\/2025\/10\/ekran-goruntusu-2025-10-25-110713.png\" alt=\"Formation en Classe\" \/>\n  <img decoding=\"async\" class=\"edu-img\" src=\"https:\/\/laldegerleme.com.tr\/wp-content\/uploads\/2025\/10\/ekran-goruntusu-2025-10-25-110718.png\" alt=\"Formation sur la L\u00e9gislation 2\" \/>\n<\/div>\n\nDe plus, des formations gratuites intitul\u00e9es <strong>\u00ab Principes de l\u2019\u00c9valuation Immobili\u00e8re \u00bb<\/strong>, <strong>\u00ab \u00c9tudes Fondamentales de Math\u00e9matiques Financi\u00e8res \u00bb<\/strong> et <strong>\u00ab \u00c9tudes \u00e0 Distance sur la L\u00e9gislation Professionnelle et les R\u00e8gles d\u2019\u00c9thique \u00bb<\/strong> ont \u00e9t\u00e9 propos\u00e9es aux candidats pr\u00e9parant l\u2019Examen de Licence d\u2019Expert en \u00c9valuation Immobili\u00e8re organis\u00e9 par le Conseil du March\u00e9 des Capitaux (SPK).\n\n<div class=\"edu-gallery\">\n  <img decoding=\"async\" class=\"edu-img\" src=\"https:\/\/laldegerleme.com.tr\/wp-content\/uploads\/2025\/10\/ekran-goruntusu-2025-10-25-110723.png\" alt=\"Formation L\u00e9gislative 1\" \/>\n  <img decoding=\"async\" class=\"edu-img\" src=\"https:\/\/laldegerleme.com.tr\/wp-content\/uploads\/2025\/10\/ekran-goruntusu-2025-10-25-110727.png\" alt=\"Formation L\u00e9gislative 2\" \/>\n<\/div>\n\nLe Service de Formation poursuit ses activit\u00e9s avec une approche ax\u00e9e sur le d\u00e9veloppement continu, contribuant ainsi au partage des connaissances \u00e0 la fois au sein de l\u2019entreprise et dans l\u2019ensemble du secteur.\n\n<hr \/>\n\n<h2>Une Profession Fond\u00e9e sur le D\u00e9veloppement, pas sur la M\u00e9morisation<\/h2>\n\nLe titre d\u2019expert en \u00e9valuation immobili\u00e8re, contrairement \u00e0 de nombreuses autres professions, ne peut pas \u00eatre obtenu directement par un dipl\u00f4me universitaire ou une adh\u00e9sion professionnelle.  \nCe titre est acquis \u00e0 l\u2019issue d\u2019un processus de licence d\u00e9taill\u00e9 d\u00e9fini par le <strong>Conseil du March\u00e9 des Capitaux de la R\u00e9publique de Turquie (SPK)<\/strong>.  \nL\u2019\u00e9valuation immobili\u00e8re est directement li\u00e9e \u00e0 des disciplines telles que le g\u00e9nie civil, l\u2019architecture, l\u2019urbanisme, la topographie, le droit, la finance et l\u2019\u00e9conomie.  \nElle constitue ainsi une expertise pluridisciplinaire r\u00e9unissant plusieurs domaines de comp\u00e9tence.  \nAvec une approche de sp\u00e9cialisation approfondie, L\u00c2L \u00c9valuation Immobili\u00e8re S.A. suit de pr\u00e8s les \u00e9volutions du secteur, d\u00e9veloppe des programmes de formation en fonction des besoins et am\u00e9liore continuellement la qualit\u00e9 de ses services conform\u00e9ment aux normes internationales.\n\n<p class=\"highlight\"><em>  \nDans le domaine de l\u2019\u00e9valuation immobili\u00e8re, la v\u00e9ritable expertise ne repose pas uniquement sur les connaissances, mais sur un d\u00e9sir constant d\u2019apprendre, de la patience et une pens\u00e9e analytique.  \nChaque rapport repr\u00e9sente un nouveau champ d\u2019apprentissage et une opportunit\u00e9 de croissance.  \nLes experts qui abordent cette profession non pas par la m\u00e9morisation, mais par une vision ax\u00e9e sur le d\u00e9veloppement, laissent une empreinte durable.  \n<\/em><\/p>\n\n<div class=\"signature\">\n  <img decoding=\"async\" src=\"https:\/\/laldegerleme.com.tr\/wp-content\/uploads\/2025\/10\/whatsapp-gorsel-2025-10-25-saat-154316-3a2ce550.jpg\" alt=\"Osman Y\u00fcksel\" \/>\n  <div class=\"sig-text\">\n    <p class=\"sig-name\"><strong>Osman Y\u00fcksel<\/strong><\/p>\n    <p class=\"sig-title\">Directeur du D\u00e9veloppement Strat\u00e9gique<\/p>\n    <p class=\"sig-role\">Expert en \u00c9valuation Immobili\u00e8re \/ Ing\u00e9nieur Civil<\/p>\n  <\/div>\n<\/div>\n<\/div>\n\n<style>\n\/* ===========================================\n   L\u00c2L \u00c9VALUATION IMMOBILI\u00c8RE \u2013 STYLE G\u00c9N\u00c9RAL\n   =========================================== *\/\n.education-unit-container {\n  max-width: 900px;\n  margin: 0 auto;\n  line-height: 1.8;\n  color: #222;\n  font-family: \"Times New Roman\", Times, serif;\n  font-size: 17px;\n  text-align: justify;\n}\n\n\/* ================================\n   GALERIE D\u2019IMAGES\n   ================================ *\/\n.education-unit-container .edu-gallery {\n  display: flex;\n  justify-content: space-between;\n  flex-wrap: wrap;\n  gap: 14px;\n  margin: 22px auto;\n  max-width: 900px;\n  padding: 0;\n}\n\n.education-unit-container .edu-img {\n  width: 48%;\n  border-radius: 10px;\n  box-shadow: 0 3px 8px rgba(0, 0, 0, 0.1);\n  display: block;\n  object-fit: cover;\n  transition: transform 0.3s ease, box-shadow 0.3s ease;\n}\n\n.education-unit-container .edu-img:hover {\n  transform: scale(1.02);\n  box-shadow: 0 4px 12px rgba(0, 0, 0, 0.2);\n}\n\n\/* ================================\n   PARAGRAPHE EN \u00c9VIDENCE\n   ================================ *\/\n.education-unit-container p.highlight {\n  background: none;\n  color: #222 !important;\n  font-style: italic !important;\n  font-size: 17px !important;\n  line-height: 1.9 !important;\n  padding: 10px 0;\n  border: none;\n  margin: 25px 0 35px 0 !important;\n  text-align: justify;\n}\n\n\/* ================================\n   SIGNATURE\n   ================================ *\/\n.signature {\n  margin-top: 50px;\n  border-top: 1px solid #ddd;\n  padding-top: 25px;\n  padding-bottom: 20px;\n  display: flex;\n  align-items: center;\n  gap: 20px;\n}\n\n.signature img {\n  width: 160px;\n  height: 160px;\n  object-fit: cover;\n  border-radius: 50%;\n  border: none;\n  box-shadow: none;\n  display: block;\n}\n\n\/* ================================\n   TEXTE DE SIGNATURE\n   ================================ *\/\n.sig-text {\n  line-height: 1.4;\n  color: #111;\n  font-family: \"Times New Roman\", Times, serif;\n}\n\n.sig-name {\n  font-size: 13pt;\n  font-weight: bold;\n  letter-spacing: 0.3px;\n  margin: 0 0 6px 0;\n}\n\n.sig-title {\n  font-size: 13pt;\n  margin: 0 0 4px 0;\n}\n\n.sig-role {\n  font-size: 12pt;\n  margin: 0;\n}\n\n\/* ================================\n   TITRES\n   ================================ *\/\nh2 {\n  color: #8C1C13;\n  font-family: \"Times New Roman\", Times, serif;\n  font-weight: bold;\n  font-size: 22px;\n  margin-top: 30px;\n  margin-bottom: 10px;\n}\n\n\/* ================================\n   RESPONSIVE\n   ================================ *\/\n@media (max-width: 768px) {\n  .education-unit-container .edu-gallery {\n    flex-direction: column;\n    align-items: center;\n    gap: 12px;\n  }\n\n  .education-unit-container .edu-img {\n    width: 95%;\n  }\n\n  .signature {\n    flex-direction: column;\n    text-align: center;\n  }\n\n  .signature img {\n    width: 140px;\n    height: 140px;\n  }\n\n  .sig-text {\n    margin-top: 10px;\n  }\n\n  .education-unit-container p.highlight {\n    font-size: 16px !important;\n    padding: 8px 0;\n  }\n}\n<\/style>\n\t\t\t\t\t\t<\/div>\n\t\t\t\t<\/div>\n\t\t\t\t\t<\/div>\n\t\t\t\t<\/div>\n\t\t\t\t<\/div>\n\t\t","protected":false},"excerpt":{"rendered":"<p>Le Service de Formation de L\u00c2L \u00c9valuation Immobili\u00e8re S.A. op\u00e8re conform\u00e9ment aux objectifs strat\u00e9giques de l\u2019entreprise afin de soutenir le d\u00e9veloppement professionnel et personnel de ses<span class=\"excerpt-hellip\"> [\u2026]<\/span><\/p>\n","protected":false},"author":1,"featured_media":0,"parent":0,"menu_order":0,"comment_status":"closed","ping_status":"closed","template":"","meta":{"footnotes":""},"_links":{"self":[{"href":"https:\/\/laldegerleme.com.tr\/fr\/wp-json\/wp\/v2\/pages\/2621"}],"collection":[{"href":"https:\/\/laldegerleme.com.tr\/fr\/wp-json\/wp\/v2\/pages"}],"about":[{"href":"https:\/\/laldegerleme.com.tr\/fr\/wp-json\/wp\/v2\/types\/page"}],"author":[{"embeddable":true,"href":"https:\/\/laldegerleme.com.tr\/fr\/wp-json\/wp\/v2\/users\/1"}],"replies":[{"embeddable":true,"href":"https:\/\/laldegerleme.com.tr\/fr\/wp-json\/wp\/v2\/comments?post=2621"}],"version-history":[{"count":3,"href":"https:\/\/laldegerleme.com.tr\/fr\/wp-json\/wp\/v2\/pages\/2621\/revisions"}],"predecessor-version":[{"id":3824,"href":"https:\/\/laldegerleme.com.tr\/fr\/wp-json\/wp\/v2\/pages\/2621\/revisions\/3824"}],"wp:attachment":[{"href":"https:\/\/laldegerleme.com.tr\/fr\/wp-json\/wp\/v2\/media?parent=2621"}],"curies":[{"name":"wp","href":"https:\/\/api.w.org\/{rel}","templated":true}]}}