{"id":2627,"date":"2020-08-10T16:13:33","date_gmt":"2020-08-10T13:13:33","guid":{"rendered":"https:\/\/www.laldegerleme.com.tr\/arastirma-sektor-raporlari\/"},"modified":"2022-10-18T11:01:58","modified_gmt":"2022-10-18T08:01:58","slug":"les-recherches-et-les-rapports-sur-les-secteurs-dactivites","status":"publish","type":"page","link":"https:\/\/laldegerleme.com.tr\/fr\/les-recherches-et-les-rapports-sur-les-secteurs-dactivites\/","title":{"rendered":"Les Recherches et les Rapports sur les Secteurs d\u2019Activit\u00e9s"},"content":{"rendered":"<p>En suivant de pr\u00e8s toutes les nouveaut\u00e9s du secteur de l\u2019\u00e9valuation des biens immobiliers et en publiant les r\u00e9sultats de nos recherches sur les d\u00e9veloppements au niveau national et r\u00e9gional dans ce secteur, la Soci\u00e9t\u00e9 Anonymes d\u2019\u00c9valuation des Biens Immobiliers L\u00c2L entame plusieurs \u00e9tudes simultan\u00e9es sur les changements que l\u2019on peut observer dans le secteur immobilier et partage les r\u00e9sultats de ses \u00e9tudes avec les individus et les entreprises qui ont une pr\u00e9sence dans ce secteur. Dans le but de pouvoir atteindre cet objectif, nous \u00e9largissons de mani\u00e8re continue nos bases de donn\u00e9es avec des informations tr\u00e8s diverses sur le secteur immobilier qui seront rassembl\u00e9 puis r\u00e9vis\u00e9s par nos groupes d\u2019experts d\u2019\u00e9valuation des biens immobiliers. Ces informations seront ensuite partag\u00e9es avec les autres acteurs du secteur immobilier. Les contenus de nos rapports sur la situation actuelle du secteur immobilier seront communiqu\u00e9s \u00e0 des personnes et des institutions qui travaillent dans le secteur immobilier par des biais diff\u00e9rents.<\/p>\n<p>Contactez-nous par t\u00e9l\u00e9phone pour obtenir des informations sur nos rapports sur la situation courante du secteur immobilier.<\/p>\n<a   class=\"button  has-icon button_left button_size_2 button_dark\"  href=\"https:\/\/www.laldegerleme.com.tr\/fr\/contacts\/\" target=\"_blank\"    title=\"\"><span class=\"button_icon\"><i class=\"icon-call\"  aria-hidden=\"true\"><\/i><\/span><span class=\"button_label\">Page de Contact<\/span><\/a>\n\n","protected":false},"excerpt":{"rendered":"<p>En suivant de pr\u00e8s toutes les nouveaut\u00e9s du secteur de l\u2019\u00e9valuation des biens immobiliers et en publiant les r\u00e9sultats de nos recherches sur les d\u00e9veloppements au<span class=\"excerpt-hellip\"> [\u2026]<\/span><\/p>\n","protected":false},"author":1,"featured_media":0,"parent":0,"menu_order":0,"comment_status":"closed","ping_status":"closed","template":"","meta":{"footnotes":""},"_links":{"self":[{"href":"https:\/\/laldegerleme.com.tr\/fr\/wp-json\/wp\/v2\/pages\/2627"}],"collection":[{"href":"https:\/\/laldegerleme.com.tr\/fr\/wp-json\/wp\/v2\/pages"}],"about":[{"href":"https:\/\/laldegerleme.com.tr\/fr\/wp-json\/wp\/v2\/types\/page"}],"author":[{"embeddable":true,"href":"https:\/\/laldegerleme.com.tr\/fr\/wp-json\/wp\/v2\/users\/1"}],"replies":[{"embeddable":true,"href":"https:\/\/laldegerleme.com.tr\/fr\/wp-json\/wp\/v2\/comments?post=2627"}],"version-history":[{"count":0,"href":"https:\/\/laldegerleme.com.tr\/fr\/wp-json\/wp\/v2\/pages\/2627\/revisions"}],"wp:attachment":[{"href":"https:\/\/laldegerleme.com.tr\/fr\/wp-json\/wp\/v2\/media?parent=2627"}],"curies":[{"name":"wp","href":"https:\/\/api.w.org\/{rel}","templated":true}]}}